{"id":456,"date":"2022-07-06T10:09:41","date_gmt":"2022-07-06T10:09:41","guid":{"rendered":"https:\/\/neuronthemes.com\/conlectio\/?page_id=456"},"modified":"2025-12-03T11:57:28","modified_gmt":"2025-12-03T10:57:28","slug":"agence-retail-design-visual-merchandising-sainko","status":"publish","type":"page","link":"https:\/\/sainko.com\/fr_fr\/","title":{"rendered":"HOME"},"content":{"rendered":"\t\t<div data-elementor-type=\"wp-page\" data-elementor-id=\"456\" class=\"elementor elementor-456\">\n\t\t\t\t\t\t<section class=\"elementor-section elementor-top-section elementor-element elementor-element-14ee806 elementor-section-height-min-height elementor-section-boxed elementor-section-height-default elementor-section-items-middle\" data-id=\"14ee806\" data-element_type=\"section\" data-e-type=\"section\" data-settings=\"{&quot;background_background&quot;:&quot;classic&quot;}\">\n\t\t\t\t\t\t<div class=\"elementor-container elementor-column-gap-default\">\n\t\t\t\t\t<div class=\"elementor-column elementor-col-100 elementor-top-column elementor-element elementor-element-f631826\" data-id=\"f631826\" data-element_type=\"column\" data-e-type=\"column\">\n\t\t\t<div class=\"elementor-widget-wrap elementor-element-populated\">\n\t\t\t\t\t\t<div class=\"elementor-element elementor-element-10baffe elementor-widget elementor-widget-heading\" data-id=\"10baffe\" data-element_type=\"widget\" data-e-type=\"widget\" data-widget_type=\"heading.default\">\n\t\t\t\t<div class=\"elementor-widget-container\">\n\t\t\t\t\t<span class=\"elementor-heading-title elementor-size-default\">Sc\u00e9nographie vitrines<\/span>\t\t\t\t<\/div>\n\t\t\t\t<\/div>\n\t\t\t\t<div class=\"elementor-element elementor-element-aff4ee9 elementor-widget elementor-widget-heading\" data-id=\"aff4ee9\" data-element_type=\"widget\" data-e-type=\"widget\" data-widget_type=\"heading.default\">\n\t\t\t\t<div class=\"elementor-widget-container\">\n\t\t\t\t\t<h2 class=\"elementor-heading-title elementor-size-default\"><a href=\"https:\/\/sainko.com\/fr_fr\/portfolio\/mackage-saint-honore-noel-illuminations\/\"><span style=\"font-family: Montserrat, sans-serif\">SA\u00efNKO x MACKAGE SAINT HONORE<\/span><\/a><\/h2>\t\t\t\t<\/div>\n\t\t\t\t<\/div>\n\t\t\t\t<div class=\"elementor-element elementor-element-07ef017 elementor-widget__width-auto elementor-widget elementor-widget-heading\" data-id=\"07ef017\" data-element_type=\"widget\" data-e-type=\"widget\" data-widget_type=\"heading.default\">\n\t\t\t\t<div class=\"elementor-widget-container\">\n\t\t\t\t\t<span class=\"elementor-heading-title elementor-size-default\"><a href=\"https:\/\/sainko.com\/fr_fr\/portfolio\/mackage-saint-honore-noel-illuminations\/\">View More<\/a><\/span>\t\t\t\t<\/div>\n\t\t\t\t<\/div>\n\t\t\t\t\t<\/div>\n\t\t<\/div>\n\t\t\t\t\t<\/div>\n\t\t<\/section>\n\t\t\t\t<section class=\"elementor-section elementor-top-section elementor-element elementor-element-f326c78 elementor-section-height-min-height elementor-section-boxed elementor-section-height-default elementor-section-items-middle\" data-id=\"f326c78\" data-element_type=\"section\" data-e-type=\"section\" data-settings=\"{&quot;background_background&quot;:&quot;classic&quot;}\">\n\t\t\t\t\t\t<div class=\"elementor-container elementor-column-gap-default\">\n\t\t\t\t\t<div class=\"elementor-column elementor-col-100 elementor-top-column elementor-element elementor-element-325784e\" data-id=\"325784e\" data-element_type=\"column\" data-e-type=\"column\">\n\t\t\t<div class=\"elementor-widget-wrap elementor-element-populated\">\n\t\t\t\t\t\t<div class=\"elementor-element elementor-element-27b2c64 elementor-widget elementor-widget-heading\" data-id=\"27b2c64\" data-element_type=\"widget\" data-e-type=\"widget\" data-widget_type=\"heading.default\">\n\t\t\t\t<div class=\"elementor-widget-container\">\n\t\t\t\t\t<span class=\"elementor-heading-title elementor-size-default\">Concept Espace<\/span>\t\t\t\t<\/div>\n\t\t\t\t<\/div>\n\t\t\t\t<div class=\"elementor-element elementor-element-dab04d9 elementor-widget elementor-widget-heading\" data-id=\"dab04d9\" data-element_type=\"widget\" data-e-type=\"widget\" data-widget_type=\"heading.default\">\n\t\t\t\t<div class=\"elementor-widget-container\">\n\t\t\t\t\t<h2 class=\"elementor-heading-title elementor-size-default\"><a href=\"https:\/\/sainko.com\/en\/portfolio\/agence-retail-sainko-nicolas-feuillatte-palmes-d-or\/\">SA\u00efNKO x NICOLAS FEUILLATTE<\/a><\/h2>\t\t\t\t<\/div>\n\t\t\t\t<\/div>\n\t\t\t\t<div class=\"elementor-element elementor-element-632f9d3 elementor-widget__width-auto elementor-widget elementor-widget-heading\" data-id=\"632f9d3\" data-element_type=\"widget\" data-e-type=\"widget\" data-widget_type=\"heading.default\">\n\t\t\t\t<div class=\"elementor-widget-container\">\n\t\t\t\t\t<span class=\"elementor-heading-title elementor-size-default\"><a href=\"https:\/\/sainko.com\/en\/portfolio\/agence-retail-sainko-nicolas-feuillatte-palmes-d-or\/\">View More<\/a><\/span>\t\t\t\t<\/div>\n\t\t\t\t<\/div>\n\t\t\t\t\t<\/div>\n\t\t<\/div>\n\t\t\t\t\t<\/div>\n\t\t<\/section>\n\t\t\t\t<section class=\"elementor-section elementor-top-section elementor-element elementor-element-daec1b0 elementor-section-height-min-height elementor-section-boxed elementor-section-height-default elementor-section-items-middle\" data-id=\"daec1b0\" data-element_type=\"section\" data-e-type=\"section\" data-settings=\"{&quot;background_background&quot;:&quot;classic&quot;}\">\n\t\t\t\t\t\t<div class=\"elementor-container elementor-column-gap-default\">\n\t\t\t\t\t<div class=\"elementor-column elementor-col-100 elementor-top-column elementor-element elementor-element-d798712\" data-id=\"d798712\" data-element_type=\"column\" data-e-type=\"column\">\n\t\t\t<div class=\"elementor-widget-wrap elementor-element-populated\">\n\t\t\t\t\t\t<div class=\"elementor-element elementor-element-bdc2be9 elementor-widget elementor-widget-heading\" data-id=\"bdc2be9\" data-element_type=\"widget\" data-e-type=\"widget\" data-widget_type=\"heading.default\">\n\t\t\t\t<div class=\"elementor-widget-container\">\n\t\t\t\t\t<span class=\"elementor-heading-title elementor-size-default\">Sc\u00e9nographie vitrines<\/span>\t\t\t\t<\/div>\n\t\t\t\t<\/div>\n\t\t\t\t<div class=\"elementor-element elementor-element-c3113b5 elementor-widget elementor-widget-heading\" data-id=\"c3113b5\" data-element_type=\"widget\" data-e-type=\"widget\" data-widget_type=\"heading.default\">\n\t\t\t\t<div class=\"elementor-widget-container\">\n\t\t\t\t\t<h2 class=\"elementor-heading-title elementor-size-default\"><a href=\"https:\/\/sainko.com\/portfolio\/vitrine-camper-lab-flash-forward\/\"><span style=\"font-family: Montserrat, sans-serif\">SA\u00efNKO x CAMPERLAB<\/span><\/a><\/h2>\t\t\t\t<\/div>\n\t\t\t\t<\/div>\n\t\t\t\t<div class=\"elementor-element elementor-element-2e3900a elementor-widget__width-auto elementor-widget elementor-widget-heading\" data-id=\"2e3900a\" data-element_type=\"widget\" data-e-type=\"widget\" data-widget_type=\"heading.default\">\n\t\t\t\t<div class=\"elementor-widget-container\">\n\t\t\t\t\t<span class=\"elementor-heading-title elementor-size-default\"><a href=\"https:\/\/sainko.com\/portfolio\/vitrine-camper-lab-flash-forward\/\">View More<\/a><\/span>\t\t\t\t<\/div>\n\t\t\t\t<\/div>\n\t\t\t\t\t<\/div>\n\t\t<\/div>\n\t\t\t\t\t<\/div>\n\t\t<\/section>\n\t\t\t\t<section class=\"elementor-section elementor-top-section elementor-element elementor-element-4b59458 elementor-section-height-min-height elementor-section-boxed elementor-section-height-default elementor-section-items-middle\" data-id=\"4b59458\" data-element_type=\"section\" data-e-type=\"section\" data-settings=\"{&quot;background_background&quot;:&quot;classic&quot;}\">\n\t\t\t\t\t\t<div class=\"elementor-container elementor-column-gap-default\">\n\t\t\t\t\t<div class=\"elementor-column elementor-col-100 elementor-top-column elementor-element elementor-element-a184cfe\" data-id=\"a184cfe\" data-element_type=\"column\" data-e-type=\"column\">\n\t\t\t<div class=\"elementor-widget-wrap elementor-element-populated\">\n\t\t\t\t\t\t<div class=\"elementor-element elementor-element-0c25442 elementor-widget elementor-widget-heading\" data-id=\"0c25442\" data-element_type=\"widget\" data-e-type=\"widget\" data-widget_type=\"heading.default\">\n\t\t\t\t<div class=\"elementor-widget-container\">\n\t\t\t\t\t<span class=\"elementor-heading-title elementor-size-default\">D\u00e9cor Showroom<\/span>\t\t\t\t<\/div>\n\t\t\t\t<\/div>\n\t\t\t\t<div class=\"elementor-element elementor-element-86afd52 elementor-widget elementor-widget-heading\" data-id=\"86afd52\" data-element_type=\"widget\" data-e-type=\"widget\" data-widget_type=\"heading.default\">\n\t\t\t\t<div class=\"elementor-widget-container\">\n\t\t\t\t\t<h2 class=\"elementor-heading-title elementor-size-default\"><a href=\"https:\/\/sainko.com\/portfolio\/showroom-axel-arigato-pfw\/\">SA\u00efNKO x AXEL ARIGATO<\/a><\/h2>\t\t\t\t<\/div>\n\t\t\t\t<\/div>\n\t\t\t\t<div class=\"elementor-element elementor-element-0243fd6 elementor-widget__width-auto elementor-widget elementor-widget-heading\" data-id=\"0243fd6\" data-element_type=\"widget\" data-e-type=\"widget\" data-widget_type=\"heading.default\">\n\t\t\t\t<div class=\"elementor-widget-container\">\n\t\t\t\t\t<span class=\"elementor-heading-title elementor-size-default\"><a href=\"https:\/\/sainko.com\/portfolio\/showroom-axel-arigato-pfw\/\">View More<\/a><\/span>\t\t\t\t<\/div>\n\t\t\t\t<\/div>\n\t\t\t\t\t<\/div>\n\t\t<\/div>\n\t\t\t\t\t<\/div>\n\t\t<\/section>\n\t\t\t\t<section class=\"elementor-section elementor-top-section elementor-element elementor-element-6df64bc elementor-section-height-min-height elementor-section-boxed elementor-section-height-default elementor-section-items-middle\" data-id=\"6df64bc\" data-element_type=\"section\" data-e-type=\"section\" data-settings=\"{&quot;background_background&quot;:&quot;classic&quot;}\">\n\t\t\t\t\t\t<div class=\"elementor-container elementor-column-gap-default\">\n\t\t\t\t\t<div class=\"elementor-column elementor-col-100 elementor-top-column elementor-element elementor-element-a37c506\" data-id=\"a37c506\" data-element_type=\"column\" data-e-type=\"column\">\n\t\t\t<div class=\"elementor-widget-wrap elementor-element-populated\">\n\t\t\t\t\t\t<div class=\"elementor-element elementor-element-e0aedc5 elementor-widget elementor-widget-heading\" data-id=\"e0aedc5\" data-element_type=\"widget\" data-e-type=\"widget\" data-widget_type=\"heading.default\">\n\t\t\t\t<div class=\"elementor-widget-container\">\n\t\t\t\t\t<span class=\"elementor-heading-title elementor-size-default\">Corner \/ Pop up<\/span>\t\t\t\t<\/div>\n\t\t\t\t<\/div>\n\t\t\t\t<div class=\"elementor-element elementor-element-ca87e31 elementor-widget elementor-widget-heading\" data-id=\"ca87e31\" data-element_type=\"widget\" data-e-type=\"widget\" data-widget_type=\"heading.default\">\n\t\t\t\t<div class=\"elementor-widget-container\">\n\t\t\t\t\t<h2 class=\"elementor-heading-title elementor-size-default\"><a href=\"https:\/\/sainko.com\/portfolio\/piaget-presentoirs-joaillerie-horlogerie-props\/\"><span style=\"font-family: Montserrat, sans-serif\">SA\u00efNKO x MILIA MATCHA<\/span><\/a><\/h2>\t\t\t\t<\/div>\n\t\t\t\t<\/div>\n\t\t\t\t<div class=\"elementor-element elementor-element-065be25 elementor-widget__width-auto elementor-widget elementor-widget-heading\" data-id=\"065be25\" data-element_type=\"widget\" data-e-type=\"widget\" data-widget_type=\"heading.default\">\n\t\t\t\t<div class=\"elementor-widget-container\">\n\t\t\t\t\t<span class=\"elementor-heading-title elementor-size-default\"><a href=\"https:\/\/sainko.com\/fr_fr\/portfolio\/milia-matcha-corner-samaritaine\/\">View More<\/a><\/span>\t\t\t\t<\/div>\n\t\t\t\t<\/div>\n\t\t\t\t\t<\/div>\n\t\t<\/div>\n\t\t\t\t\t<\/div>\n\t\t<\/section>\n\t\t\t\t<\/div>\n\t\t","protected":false},"excerpt":{"rendered":"<p>Sc\u00e9nographie vitrines SA\u00efNKO x MACKAGE SAINT HONORE View More Concept Espace SA\u00efNKO x NICOLAS FEUILLATTE View More Sc\u00e9nographie vitrines SA\u00efNKO x CAMPERLAB View More D\u00e9cor Showroom SA\u00efNKO x AXEL ARIGATO View More Corner \/ Pop up SA\u00efNKO x MILIA MATCHA View More<\/p>\n","protected":false},"author":1,"featured_media":1710,"parent":0,"menu_order":0,"comment_status":"closed","ping_status":"closed","template":"elementor_theme","meta":{"_exactmetrics_skip_tracking":false,"_exactmetrics_sitenote_active":false,"_exactmetrics_sitenote_note":"","_exactmetrics_sitenote_category":0,"footnotes":""},"class_list":["post-456","page","type-page","status-publish","has-post-thumbnail","hentry"],"yoast_head":"<!-- This site is optimized with the Yoast SEO plugin v27.4 - https:\/\/yoast.com\/product\/yoast-seo-wordpress\/ -->\n<title>Agence de Retail Design &amp; Visual Merchandising SA\u00cfNKO<\/title>\n<meta name=\"description\" content=\"Agence de Retail Design &amp; Visual Merchandising, Sa\u00efnko cr\u00e9e des concepts retail premium, cl\u00e9 en main, en France et International.\" \/>\n<meta name=\"robots\" content=\"index, follow, max-snippet:-1, max-image-preview:large, max-video-preview:-1\" \/>\n<link rel=\"canonical\" href=\"https:\/\/sainko.com\/fr_fr\/\" \/>\n<meta property=\"og:locale\" content=\"fr_FR\" \/>\n<meta property=\"og:type\" content=\"article\" \/>\n<meta property=\"og:title\" content=\"Agence de Retail Design &amp; Visual Merchandising SA\u00cfNKO\" \/>\n<meta property=\"og:description\" content=\"Agence de Retail Design &amp; Visual Merchandising, Sa\u00efnko cr\u00e9e des concepts retail premium, cl\u00e9 en main, en France et International.\" \/>\n<meta property=\"og:url\" content=\"https:\/\/sainko.com\/fr_fr\/\" \/>\n<meta property=\"og:site_name\" content=\"Agence Retail Design SA\u00cfNKO\" \/>\n<meta property=\"article:modified_time\" content=\"2025-12-03T10:57:28+00:00\" \/>\n<meta property=\"og:image\" content=\"https:\/\/sainko.com\/wp-content\/uploads\/2020\/09\/AGENCE_SAINKO_NICOLAS_FEUILLATTE_RETAIL_DESIGN_CONCEPT_10.jpg\" \/>\n\t<meta property=\"og:image:width\" content=\"2048\" \/>\n\t<meta property=\"og:image:height\" content=\"1365\" \/>\n\t<meta property=\"og:image:type\" content=\"image\/jpeg\" \/>\n<meta name=\"twitter:card\" content=\"summary_large_image\" \/>\n<meta name=\"twitter:label1\" content=\"Dur\u00e9e de lecture estim\u00e9e\" \/>\n\t<meta name=\"twitter:data1\" content=\"1 minute\" \/>\n<script type=\"application\/ld+json\" class=\"yoast-schema-graph\">{\"@context\":\"https:\\\/\\\/schema.org\",\"@graph\":[{\"@type\":\"WebPage\",\"@id\":\"https:\\\/\\\/sainko.com\\\/fr_fr\\\/\",\"url\":\"https:\\\/\\\/sainko.com\\\/fr_fr\\\/\",\"name\":\"Agence de Retail Design & Visual Merchandising SA\u00cfNKO\",\"isPartOf\":{\"@id\":\"https:\\\/\\\/sainko.com\\\/#website\"},\"primaryImageOfPage\":{\"@id\":\"https:\\\/\\\/sainko.com\\\/fr_fr\\\/#primaryimage\"},\"image\":{\"@id\":\"https:\\\/\\\/sainko.com\\\/fr_fr\\\/#primaryimage\"},\"thumbnailUrl\":\"https:\\\/\\\/sainko.com\\\/wp-content\\\/uploads\\\/2020\\\/09\\\/AGENCE_SAINKO_NICOLAS_FEUILLATTE_RETAIL_DESIGN_CONCEPT_10.jpg\",\"datePublished\":\"2022-07-06T10:09:41+00:00\",\"dateModified\":\"2025-12-03T10:57:28+00:00\",\"description\":\"Agence de Retail Design & Visual Merchandising, Sa\u00efnko cr\u00e9e des concepts retail premium, cl\u00e9 en main, en France et International.\",\"breadcrumb\":{\"@id\":\"https:\\\/\\\/sainko.com\\\/fr_fr\\\/#breadcrumb\"},\"inLanguage\":\"fr-FR\",\"potentialAction\":[{\"@type\":\"ReadAction\",\"target\":[\"https:\\\/\\\/sainko.com\\\/fr_fr\\\/\"]}]},{\"@type\":\"ImageObject\",\"inLanguage\":\"fr-FR\",\"@id\":\"https:\\\/\\\/sainko.com\\\/fr_fr\\\/#primaryimage\",\"url\":\"https:\\\/\\\/sainko.com\\\/wp-content\\\/uploads\\\/2020\\\/09\\\/AGENCE_SAINKO_NICOLAS_FEUILLATTE_RETAIL_DESIGN_CONCEPT_10.jpg\",\"contentUrl\":\"https:\\\/\\\/sainko.com\\\/wp-content\\\/uploads\\\/2020\\\/09\\\/AGENCE_SAINKO_NICOLAS_FEUILLATTE_RETAIL_DESIGN_CONCEPT_10.jpg\",\"width\":2048,\"height\":1365,\"caption\":\"Agence retail design concept boutique concept store flagship luxe architecture commerciale Nicolas Feuillatte\"},{\"@type\":\"BreadcrumbList\",\"@id\":\"https:\\\/\\\/sainko.com\\\/fr_fr\\\/#breadcrumb\",\"itemListElement\":[{\"@type\":\"ListItem\",\"position\":1,\"name\":\"Accueil\",\"item\":\"https:\\\/\\\/sainko.com\\\/fr_fr\\\/\"},{\"@type\":\"ListItem\",\"position\":2,\"name\":\"HOME\"}]},{\"@type\":\"WebSite\",\"@id\":\"https:\\\/\\\/sainko.com\\\/#website\",\"url\":\"https:\\\/\\\/sainko.com\\\/\",\"name\":\"Agence Retail Design SA\u00cfNKO\",\"description\":\"\",\"publisher\":{\"@id\":\"https:\\\/\\\/sainko.com\\\/#organization\"},\"potentialAction\":[{\"@type\":\"SearchAction\",\"target\":{\"@type\":\"EntryPoint\",\"urlTemplate\":\"https:\\\/\\\/sainko.com\\\/?s={search_term_string}\"},\"query-input\":{\"@type\":\"PropertyValueSpecification\",\"valueRequired\":true,\"valueName\":\"search_term_string\"}}],\"inLanguage\":\"fr-FR\"},{\"@type\":\"Organization\",\"@id\":\"https:\\\/\\\/sainko.com\\\/#organization\",\"name\":\"Agence de Retail design & visual Merchandising SA\u00cfNKO\",\"url\":\"https:\\\/\\\/sainko.com\\\/\",\"logo\":{\"@type\":\"ImageObject\",\"inLanguage\":\"fr-FR\",\"@id\":\"https:\\\/\\\/sainko.com\\\/#\\\/schema\\\/logo\\\/image\\\/\",\"url\":\"https:\\\/\\\/sainko.com\\\/wp-content\\\/uploads\\\/2020\\\/03\\\/sainko-300x300-Blk.jpg\",\"contentUrl\":\"https:\\\/\\\/sainko.com\\\/wp-content\\\/uploads\\\/2020\\\/03\\\/sainko-300x300-Blk.jpg\",\"width\":301,\"height\":301,\"caption\":\"Agence de Retail design & visual Merchandising SA\u00cfNKO\"},\"image\":{\"@id\":\"https:\\\/\\\/sainko.com\\\/#\\\/schema\\\/logo\\\/image\\\/\"}}]}<\/script>\n<!-- \/ Yoast SEO plugin. -->","yoast_head_json":{"title":"Agence de Retail Design & Visual Merchandising SA\u00cfNKO","description":"Agence de Retail Design & Visual Merchandising, Sa\u00efnko cr\u00e9e des concepts retail premium, cl\u00e9 en main, en France et International.","robots":{"index":"index","follow":"follow","max-snippet":"max-snippet:-1","max-image-preview":"max-image-preview:large","max-video-preview":"max-video-preview:-1"},"canonical":"https:\/\/sainko.com\/fr_fr\/","og_locale":"fr_FR","og_type":"article","og_title":"Agence de Retail Design & Visual Merchandising SA\u00cfNKO","og_description":"Agence de Retail Design & Visual Merchandising, Sa\u00efnko cr\u00e9e des concepts retail premium, cl\u00e9 en main, en France et International.","og_url":"https:\/\/sainko.com\/fr_fr\/","og_site_name":"Agence Retail Design SA\u00cfNKO","article_modified_time":"2025-12-03T10:57:28+00:00","og_image":[{"width":2048,"height":1365,"url":"https:\/\/sainko.com\/wp-content\/uploads\/2020\/09\/AGENCE_SAINKO_NICOLAS_FEUILLATTE_RETAIL_DESIGN_CONCEPT_10.jpg","type":"image\/jpeg"}],"twitter_card":"summary_large_image","twitter_misc":{"Dur\u00e9e de lecture estim\u00e9e":"1 minute"},"schema":{"@context":"https:\/\/schema.org","@graph":[{"@type":"WebPage","@id":"https:\/\/sainko.com\/fr_fr\/","url":"https:\/\/sainko.com\/fr_fr\/","name":"Agence de Retail Design & Visual Merchandising SA\u00cfNKO","isPartOf":{"@id":"https:\/\/sainko.com\/#website"},"primaryImageOfPage":{"@id":"https:\/\/sainko.com\/fr_fr\/#primaryimage"},"image":{"@id":"https:\/\/sainko.com\/fr_fr\/#primaryimage"},"thumbnailUrl":"https:\/\/sainko.com\/wp-content\/uploads\/2020\/09\/AGENCE_SAINKO_NICOLAS_FEUILLATTE_RETAIL_DESIGN_CONCEPT_10.jpg","datePublished":"2022-07-06T10:09:41+00:00","dateModified":"2025-12-03T10:57:28+00:00","description":"Agence de Retail Design & Visual Merchandising, Sa\u00efnko cr\u00e9e des concepts retail premium, cl\u00e9 en main, en France et International.","breadcrumb":{"@id":"https:\/\/sainko.com\/fr_fr\/#breadcrumb"},"inLanguage":"fr-FR","potentialAction":[{"@type":"ReadAction","target":["https:\/\/sainko.com\/fr_fr\/"]}]},{"@type":"ImageObject","inLanguage":"fr-FR","@id":"https:\/\/sainko.com\/fr_fr\/#primaryimage","url":"https:\/\/sainko.com\/wp-content\/uploads\/2020\/09\/AGENCE_SAINKO_NICOLAS_FEUILLATTE_RETAIL_DESIGN_CONCEPT_10.jpg","contentUrl":"https:\/\/sainko.com\/wp-content\/uploads\/2020\/09\/AGENCE_SAINKO_NICOLAS_FEUILLATTE_RETAIL_DESIGN_CONCEPT_10.jpg","width":2048,"height":1365,"caption":"Agence retail design concept boutique concept store flagship luxe architecture commerciale Nicolas Feuillatte"},{"@type":"BreadcrumbList","@id":"https:\/\/sainko.com\/fr_fr\/#breadcrumb","itemListElement":[{"@type":"ListItem","position":1,"name":"Accueil","item":"https:\/\/sainko.com\/fr_fr\/"},{"@type":"ListItem","position":2,"name":"HOME"}]},{"@type":"WebSite","@id":"https:\/\/sainko.com\/#website","url":"https:\/\/sainko.com\/","name":"Agence Retail Design SA\u00cfNKO","description":"","publisher":{"@id":"https:\/\/sainko.com\/#organization"},"potentialAction":[{"@type":"SearchAction","target":{"@type":"EntryPoint","urlTemplate":"https:\/\/sainko.com\/?s={search_term_string}"},"query-input":{"@type":"PropertyValueSpecification","valueRequired":true,"valueName":"search_term_string"}}],"inLanguage":"fr-FR"},{"@type":"Organization","@id":"https:\/\/sainko.com\/#organization","name":"Agence de Retail design & visual Merchandising SA\u00cfNKO","url":"https:\/\/sainko.com\/","logo":{"@type":"ImageObject","inLanguage":"fr-FR","@id":"https:\/\/sainko.com\/#\/schema\/logo\/image\/","url":"https:\/\/sainko.com\/wp-content\/uploads\/2020\/03\/sainko-300x300-Blk.jpg","contentUrl":"https:\/\/sainko.com\/wp-content\/uploads\/2020\/03\/sainko-300x300-Blk.jpg","width":301,"height":301,"caption":"Agence de Retail design & visual Merchandising SA\u00cfNKO"},"image":{"@id":"https:\/\/sainko.com\/#\/schema\/logo\/image\/"}}]}},"_links":{"self":[{"href":"https:\/\/sainko.com\/fr_fr\/wp-json\/wp\/v2\/pages\/456","targetHints":{"allow":["GET"]}}],"collection":[{"href":"https:\/\/sainko.com\/fr_fr\/wp-json\/wp\/v2\/pages"}],"about":[{"href":"https:\/\/sainko.com\/fr_fr\/wp-json\/wp\/v2\/types\/page"}],"author":[{"embeddable":true,"href":"https:\/\/sainko.com\/fr_fr\/wp-json\/wp\/v2\/users\/1"}],"replies":[{"embeddable":true,"href":"https:\/\/sainko.com\/fr_fr\/wp-json\/wp\/v2\/comments?post=456"}],"version-history":[{"count":136,"href":"https:\/\/sainko.com\/fr_fr\/wp-json\/wp\/v2\/pages\/456\/revisions"}],"predecessor-version":[{"id":5958,"href":"https:\/\/sainko.com\/fr_fr\/wp-json\/wp\/v2\/pages\/456\/revisions\/5958"}],"wp:featuredmedia":[{"embeddable":true,"href":"https:\/\/sainko.com\/fr_fr\/wp-json\/wp\/v2\/media\/1710"}],"wp:attachment":[{"href":"https:\/\/sainko.com\/fr_fr\/wp-json\/wp\/v2\/media?parent=456"}],"curies":[{"name":"wp","href":"https:\/\/api.w.org\/{rel}","templated":true}]}}